{"id":686,"date":"2025-09-24T21:29:17","date_gmt":"2025-09-24T21:29:17","guid":{"rendered":"https:\/\/anteiro-neu.anteiro.com\/?page_id=686"},"modified":"2026-03-19T00:05:25","modified_gmt":"2026-03-19T00:05:25","slug":"anteiro-startseite","status":"publish","type":"page","link":"https:\/\/anteiro.de\/","title":{"rendered":"anteiro Startseite"},"content":{"rendered":"<div class='breakdance'><section id=\"Hero-Section\" class=\"bde-section-686-100 bde-section\">\n              \n  \n  \n\t    \n      <div class=\"section-background-video\">\n              <video\n          autoplay\n          muted\n                      playsinline\n                                loop\n                          >\n        <source src=\"https:\/\/anteiro.de\/wp-content\/uploads\/2024\/05\/Hero-Video.mp4\" type=\"video\/mp4\" \/>\n      <\/video>\n      <\/div>\n\n\n\n\n<div class=\"section-container\"><div class=\"bde-div-686-105 bde-div\">\n              \n  \n  \n\t\n\n\n\n<div class=\"bde-div-686-160 bde-div\">\n  \n  \n\t\n\n\n\n<h1 class=\"bde-heading-686-107 bde-heading\">\nDIGITAL COnsulting aus Frankfurt\n<\/h1><h1 class=\"bde-heading-686-106 bde-heading\">\nUnsere Website wird im<br>Moment \u00fcberarbeitet.\n<\/h1><h1 class=\"bde-dual-heading-686-178 bde-dual-heading\">\n\n\n            <span data-style=\"primary\" class=\"dual-heading--primary  \">Wir sind in K\u00fcrze auch hier wieder erreichbar.<\/span>\n\n\n\n<\/h1><div class=\"bde-button-686-109 bde-button\">\n    \n                                    \n    \n    \n    \n    \n            \n                    \n            \n            \n\n    \n    \n    \n    \n    \n    <a class=\"breakdance-link button-atom button-atom--custom bde-button__button\" href=\"mailto:info@anteiro.de?subject=&body=\" target=\"_blank\" data-type=\"contact\"  >\n\n    \n        <span class=\"button-atom__text\">Schreiben Sie uns eine Mail.<\/span>\n\n        \n        \n                <\/a>\n\n    \n\n\n<\/div>\n<\/div>\n<\/div><div class=\"bde-div-686-825 bde-div\">\n  \n  \n\t\n\n\n\n<div class=\"bde-button-686-830 bde-button\">\n    \n                                    \n    \n    \n    \n    \n            \n                    \n            \n                           \n                       \n                 \n\n    \n    \n    \n                    \n    \n    <a class=\"breakdance-link button-atom button-atom--text bde-button__button\" href=\"#\" target=\"_blank\" data-type=\"action\"  data-action='{\"type\":\"popup\",\"popupOptions\":{\"popupId\":\"713\"}}' >\n\n    \n        <span class=\"button-atom__text\">Impressum<\/span>\n\n        \n        \n                <\/a>\n\n    \n\n\n<\/div><div class=\"bde-button-686-831 bde-button\">\n    \n                                    \n    \n    \n    \n    \n            \n                    \n            \n                           \n                       \n                 \n\n    \n    \n    \n                    \n    \n    <a class=\"breakdance-link button-atom button-atom--text bde-button__button\" href=\"#\" target=\"_blank\" data-type=\"action\"  data-action='{\"type\":\"popup\",\"popupOptions\":{\"popupId\":\"721\"}}' >\n\n    \n        <span class=\"button-atom__text\">Datenschutz<\/span>\n\n        \n        \n                <\/a>\n\n    \n\n\n<\/div><div class=\"bde-button-686-833 bde-button\">\n    \n                                    \n    \n    \n    \n    \n            \n                    \n            \n                           \n                       \n                 \n\n    \n    \n    \n                    \n    \n    <a class=\"breakdance-link button-atom button-atom--text bde-button__button\" href=\"#\" target=\"_blank\" data-type=\"action\"  data-action='{\"type\":\"popup\",\"popupOptions\":{\"popupId\":\"757\"}}' >\n\n    \n        <span class=\"button-atom__text\">Hinweise f\u00fcr anteiro Kunden<\/span>\n\n        \n        \n                <\/a>\n\n    \n\n\n<\/div>\n<\/div><\/div>\n<\/section><\/div>","protected":false},"excerpt":{"rendered":"<p>DIGITAL COnsulting aus Frankfurt Unsere Website wird imMoment \u00fcberarbeitet. Wir sind in K\u00fcrze auch hier wieder erreichbar. Schreiben Sie uns eine Mail. Impressum Datenschutz Hinweise f\u00fcr anteiro Kunden<\/p>\n","protected":false},"author":1,"featured_media":0,"parent":0,"menu_order":0,"comment_status":"closed","ping_status":"closed","template":"","meta":{"inline_featured_image":false,"_breakdance_hide_in_design_set":false,"_breakdance_tags":"","footnotes":""},"class_list":["post-686","page","type-page","status-publish","hentry"],"_links":{"self":[{"href":"https:\/\/anteiro.de\/index.php?rest_route=\/wp\/v2\/pages\/686","targetHints":{"allow":["GET"]}}],"collection":[{"href":"https:\/\/anteiro.de\/index.php?rest_route=\/wp\/v2\/pages"}],"about":[{"href":"https:\/\/anteiro.de\/index.php?rest_route=\/wp\/v2\/types\/page"}],"author":[{"embeddable":true,"href":"https:\/\/anteiro.de\/index.php?rest_route=\/wp\/v2\/users\/1"}],"replies":[{"embeddable":true,"href":"https:\/\/anteiro.de\/index.php?rest_route=%2Fwp%2Fv2%2Fcomments&post=686"}],"version-history":[{"count":38,"href":"https:\/\/anteiro.de\/index.php?rest_route=\/wp\/v2\/pages\/686\/revisions"}],"predecessor-version":[{"id":775,"href":"https:\/\/anteiro.de\/index.php?rest_route=\/wp\/v2\/pages\/686\/revisions\/775"}],"wp:attachment":[{"href":"https:\/\/anteiro.de\/index.php?rest_route=%2Fwp%2Fv2%2Fmedia&parent=686"}],"curies":[{"name":"wp","href":"https:\/\/api.w.org\/{rel}","templated":true}]}}